{"id":3,"date":"2022-11-30T16:25:56","date_gmt":"2022-11-30T16:25:56","guid":{"rendered":"https:\/\/www.monalisacoaching.com\/?page_id=3"},"modified":"2022-12-02T00:36:56","modified_gmt":"2022-12-02T00:36:56","slug":"privacy-policy","status":"publish","type":"page","link":"https:\/\/www.monalisacoaching.com\/?page_id=3","title":{"rendered":"Mentions l\u00e9gales"},"content":{"rendered":"<p>[et_pb_section fb_built=\u00a0\u00bb1&Prime; _builder_version=\u00a0\u00bb4.16&Prime; global_colors_info=\u00a0\u00bb{}\u00a0\u00bb][et_pb_row _builder_version=\u00a0\u00bb4.16&Prime; background_size=\u00a0\u00bbinitial\u00a0\u00bb background_position=\u00a0\u00bbtop_left\u00a0\u00bb background_repeat=\u00a0\u00bbrepeat\u00a0\u00bb global_colors_info=\u00a0\u00bb{}\u00a0\u00bb][et_pb_column type=\u00a0\u00bb4_4&Prime; _builder_version=\u00a0\u00bb4.16&Prime; custom_padding=\u00a0\u00bb|||\u00a0\u00bb global_colors_info=\u00a0\u00bb{}\u00a0\u00bb custom_padding__hover=\u00a0\u00bb|||\u00a0\u00bb][et_pb_text _builder_version=\u00a0\u00bb4.16&Prime; background_size=\u00a0\u00bbinitial\u00a0\u00bb background_position=\u00a0\u00bbtop_left\u00a0\u00bb background_repeat=\u00a0\u00bbrepeat\u00a0\u00bb global_colors_info=\u00a0\u00bb{}\u00a0\u00bb]<!-- divi:paragraph --><\/p>\n<p><strong>EDITEUR DU SITE\u00a0<\/strong><\/p>\n<p><span style=\"font-size: 14px;\">SAS Rh\u00e9atis &#8211; 64 rue de Vienne &#8211; 75008 Paris &#8211; 01 42 94 12 40 &#8211;\u00a0<\/span><\/p>\n<p><span style=\"font-size: 14px;\"><span>R.C.S. Paris 538015488<\/span><br \/><span>Code NAF 8299Z<\/span><br \/><span>N\u00b0 de d\u00e9claration d\u2019activit\u00e9 \u2013 N\u00b0 Formateur\u00a0: 11 75 47 825 75<\/span><br \/><span>N\u00b0 de TVA intracommunautaire FR 38 538 015\u00a0488<\/span><\/span><\/p>\n<p><span style=\"font-size: 14px;\">Repr\u00e9sent\u00e9e par Nathalie Coulon pour MoNaLisa Coaching &#8211; contact@monalisacoaching.fr &#8211; 06 32 30 15 96<\/span><\/p>\n<p><span style=\"font-size: 14px;\">Directrices de publication : Nathalie Coulon &#8211; Elisabeth Saule &#8211; Monique Veillerobe\u00a0<\/span><\/p>\n<p><span style=\"font-size: 14px;\"><\/span><\/p>\n<p><strong style=\"font-size: 14px;\">HEBERGEUR DU SITE\u00a0<\/strong><\/p>\n<p><span style=\"font-size: 14px;\">SARL Monarobase <\/span><span style=\"font-size: 14px;\">3 Avenue Ren\u00e9 La\u00ebnnec 72000 Le Mans &#8211; T\u00e9l. : 0033 (0)9 72 21 22 90<\/span><\/p>\n<p><span style=\"font-size: 14px;\">Siret : 500 518 543 00029<\/span><\/p>\n<p><strong style=\"font-size: 14px;\"><\/strong><\/p>\n<p><strong style=\"font-size: 14px;\">PROPRIETE INTELLECTUELLE\u00a0<\/strong><\/p>\n<p style=\"text-align: justify;\"><span>Les marques et les logos figurant sur ce site sont des marques d\u00e9pos\u00e9es. L\u2019ensemble des textes, graphismes, ic\u00f4nes, logos, marques, et plus g\u00e9n\u00e9ralement l\u2019ensemble des \u00e9l\u00e9ments composant ce site et le site lui-m\u00eame ne peuvent, conform\u00e9ment \u00e0 l\u2019article L122-4 du code de la propri\u00e9t\u00e9 intellectuelle, faire l\u2019objet d\u2019une quelconque repr\u00e9sentation ou reproduction, int\u00e9grale ou partielle, sur quelque support que ce soit, sans l\u2019autorisation expresse et pr\u00e9alable de la soci\u00e9t\u00e9.<\/span><\/p>\n<p><span style=\"font-size: 14px;\"><\/span><\/p>\n<p><strong style=\"font-size: 14px;\">RESPONSABILITE<\/strong><\/p>\n<p style=\"text-align: justify;\"><span>Les informations communiqu\u00e9es sur le site monalisacoaching.com\u00a0 sont fournies \u00e0 titre indicatif, elles sont non-contractuelles et ne sauraient engager la responsabilit\u00e9 de la soci\u00e9t\u00e9. Elles peuvent \u00eatre modifi\u00e9es ou mises \u00e0 jour sans pr\u00e9avis. La responsabilit\u00e9 de la soci\u00e9t\u00e9 Rheatis ne saurait \u00eatre engag\u00e9e pour :<\/span><br \/><span>\u2013 l\u2019impossibilit\u00e9 d\u2019acc\u00e9der au site<a href=\"http:\/\/monalisacoaching.com\">\u00a0<\/a><\/span><a href=\"http:\/\/monalisacoaching.com\">www.monalisacoaching.com<\/a><span>,<\/span><br \/><span>\u2013 les omissions et\/ou erreurs que pourraient contenir le site.<\/span><\/p>\n<p><span style=\"font-size: 14px;\"><\/span><\/p>\n<p><strong style=\"font-size: 14px;\">INFORMATIQUE ET LIBERTES :<\/strong><\/p>\n<p style=\"text-align: justify;\"><span>Les donn\u00e9es personnelles que nous pourrions \u00eatre amen\u00e9s \u00e0 recueillir sont uniquement destin\u00e9es \u00e0 la communication de la soci\u00e9t\u00e9 Rheatis. Aucune information personnelle vous concernant n\u2019est c\u00e9d\u00e9e \u00e0 des tiers ou utilis\u00e9e \u00e0 des fins commerciales. Conform\u00e9ment aux lois \u00ab Informatique et Libert\u00e9s \u00bb n\u00b0 78-17 du 6 janvier 1978 et n\u00b0 2004-801 du 6 ao\u00fbt 2004, ce site a fait l\u2019objet d\u2019une d\u00e9claration \u00e0 la Commission Nationale de l\u2019Informatique et des Libert\u00e9s. Conform\u00e9ment aux dispositions des lois \u00ab Informatique et Libert\u00e9s \u00bb susvis\u00e9es, toute personne ayant laiss\u00e9 ses coordonn\u00e9es ou autres informations nominatives sur le site dispose d\u2019un droit d\u2019acc\u00e8s, de rectification, d\u2019information ou de suppression des donn\u00e9es nominatives la concernant \u00e0 l\u2019adresse suivante, par courriel : contact@monalisacoaching.fr<\/span><span>.<\/span><br \/><span>Le site <a href=\"http:\/\/monalisacoaching.com\">monalisacoaching.com<\/a> contient des liens hypertextes permettant l\u2019acc\u00e8s \u00e0 des sites qui ne sont pas \u00e9dit\u00e9s par la soci\u00e9t\u00e9 Rheatis. En cons\u00e9quence, cette derni\u00e8re ne saurait \u00eatre tenue pour responsable du contenu des sites auxquels l\u2019internaute aurait ainsi acc\u00e8s. La cr\u00e9ation de liens hypertextes vers le site <a href=\"http:\/\/monalisacoaching.com\">monalisacoaching.com<\/a> doit faire l\u2019objet d\u2019une autorisation pr\u00e9alable de l\u2019\u00e9diteur.<\/span><\/p>\n<p><span style=\"font-size: 14px;\"><\/span><\/p>\n<p>&nbsp;<\/p>\n<p>&nbsp;<\/p>\n<p><span style=\"font-size: 14px;\"><\/span><\/p>\n<p>&nbsp;<\/p>\n<p><span style=\"font-size: 14px;\"><\/span><\/p>\n<p><span style=\"font-size: 14px;\"><\/span><\/p>\n<p>&nbsp;<\/p>\n<p>&nbsp;<\/p>\n<p>&nbsp;<\/p>\n<p>&nbsp;<\/p>\n<p>&nbsp;<\/p>\n<p>&nbsp;<\/p>\n<p>&nbsp;<\/p>\n<p>&nbsp;<\/p>\n<p>&nbsp;<\/p>\n<p>&nbsp;<\/p>\n<p>&nbsp;<\/p>\n<p>&nbsp;<\/p>\n<p>&nbsp;<\/p>\n<p>&nbsp;<\/p>\n<p>&nbsp;<\/p>\n<p>&nbsp;<\/p>\n<p>&nbsp;<\/p>\n<p>&nbsp;<\/p>\n<p>&nbsp;<\/p>\n<p>&nbsp;<\/p>\n<p>&nbsp;<\/p>\n<p>&nbsp;<\/p>\n<p><!-- \/divi:paragraph --><\/p>\n<p>&nbsp;<\/p>\n<p>&nbsp;<\/p>\n<p>&nbsp;<\/p>\n<p>&nbsp;<\/p>\n<p>&nbsp;<\/p>\n<p>&nbsp;<\/p>\n<p>&nbsp;<\/p>\n<p>&nbsp;<\/p>\n<p>&nbsp;<\/p>\n<p>&nbsp;<\/p>\n<p>&nbsp;<\/p>\n<p>&nbsp;<\/p>\n<p>&nbsp;<\/p>\n<p>&nbsp;<\/p>\n<p>&nbsp;<\/p>\n<p>&nbsp;<\/p>\n<p>&nbsp;<\/p>\n<p>&nbsp;<\/p>\n<p>&nbsp;<\/p>\n<p>&nbsp;<\/p>\n<p>&nbsp;<\/p>\n<p>&nbsp;<\/p>\n<p><!-- divi:paragraph --><\/p>\n<p>&nbsp;<\/p>\n<p>&nbsp;<\/p>\n<p>&nbsp;<\/p>\n<p>&nbsp;<\/p>\n<p>&nbsp;<\/p>\n<p>&nbsp;<\/p>\n<p>&nbsp;<\/p>\n<p>&nbsp;<\/p>\n<p>&nbsp;<\/p>\n<p>&nbsp;<\/p>\n<p>&nbsp;<\/p>\n<p>&nbsp;<\/p>\n<p>&nbsp;<\/p>\n<p>&nbsp;<\/p>\n<p>&nbsp;<\/p>\n<p>&nbsp;<\/p>\n<p>&nbsp;<\/p>\n<p>&nbsp;<\/p>\n<p>&nbsp;<\/p>\n<p>&nbsp;<\/p>\n<p>&nbsp;<\/p>\n<p>&nbsp;<\/p>\n<p><!-- \/divi:paragraph --><\/p>\n<p>&nbsp;<\/p>\n<p>&nbsp;<\/p>\n<p>&nbsp;<\/p>\n<p>&nbsp;<\/p>\n<p>&nbsp;<\/p>\n<p>&nbsp;<\/p>\n<p>&nbsp;<\/p>\n<p>&nbsp;<\/p>\n<p>&nbsp;<\/p>\n<p>&nbsp;<\/p>\n<p>&nbsp;<\/p>\n<p>&nbsp;<\/p>\n<p>&nbsp;<\/p>\n<p>&nbsp;<\/p>\n<p>&nbsp;<\/p>\n<p>&nbsp;<\/p>\n<p>&nbsp;<\/p>\n<p>&nbsp;<\/p>\n<p>&nbsp;<\/p>\n<p>&nbsp;<\/p>\n<p>&nbsp;<\/p>\n<p>&nbsp;<\/p>\n<p><!-- divi:paragraph --><\/p>\n<p>&nbsp;<\/p>\n<p>&nbsp;<\/p>\n<p>&nbsp;<\/p>\n<p>&nbsp;<\/p>\n<p>&nbsp;<\/p>\n<p>&nbsp;<\/p>\n<p>&nbsp;<\/p>\n<p>&nbsp;<\/p>\n<p>&nbsp;<\/p>\n<p>&nbsp;<\/p>\n<p>&nbsp;<\/p>\n<p>&nbsp;<\/p>\n<p>&nbsp;<\/p>\n<p>&nbsp;<\/p>\n<p>&nbsp;<\/p>\n<p>&nbsp;<\/p>\n<p>&nbsp;<\/p>\n<p>&nbsp;<\/p>\n<p>&nbsp;<\/p>\n<p>&nbsp;<\/p>\n<p>&nbsp;<\/p>\n<p>&nbsp;<\/p>\n<p><!-- \/divi:paragraph -->[\/et_pb_text][\/et_pb_column][\/et_pb_row][\/et_pb_section]<\/p>\n","protected":false},"excerpt":{"rendered":"<p>EDITEUR DU SITE\u00a0 SAS Rh\u00e9atis &#8211; 64 rue de Vienne &#8211; 75008 Paris &#8211; 01 42 94 12 40 &#8211;\u00a0 R.C.S. Paris 538015488Code NAF 8299ZN\u00b0 de d\u00e9claration d\u2019activit\u00e9 \u2013 N\u00b0 Formateur\u00a0: 11 75 47 825 75N\u00b0 de TVA intracommunautaire FR 38 538 015\u00a0488 Repr\u00e9sent\u00e9e par Nathalie Coulon pour MoNaLisa Coaching &#8211; contact@monalisacoaching.fr &#8211; 06 32 [&hellip;]<\/p>\n","protected":false},"author":1,"featured_media":0,"parent":0,"menu_order":0,"comment_status":"closed","ping_status":"closed","template":"","meta":{"_et_pb_use_builder":"on","_et_pb_old_content":"<!-- wp:paragraph -->\n<p><strong>EDITEUR DU SITE : <\/strong><\/p>\n<!-- \/wp:paragraph -->\n\n<!-- wp:paragraph -->\n<p>Rh\u00e9atis - 64 rue de Vienne - 75008 Paris - 01 42 94 12 40<\/p>\n<!-- \/wp:paragraph -->\n\n<!-- wp:paragraph -->\n<p>Repr\u00e9sent\u00e9e par Nathalie Coulon - contact@monalisacoaching.fr - 06 32 30 15 96<\/p>\n<!-- \/wp:paragraph -->\n\n<!-- wp:paragraph -->\n<p><\/p>\n<!-- \/wp:paragraph -->\n\n<!-- wp:paragraph -->\n<p>Directrices de publication : Nathalie Coulon - Elisabeth Saule - Monique Veillerobe<\/p>\n<!-- \/wp:paragraph -->\n\n<!-- wp:paragraph -->\n<p><\/p>\n<!-- \/wp:paragraph -->\n\n<!-- wp:paragraph -->\n<p>H\u00e9bergeur : <\/p>\n<!-- \/wp:paragraph -->\n\n<!-- wp:paragraph -->\n<p>Monarobase, SARL au capital de 1500 euros - Siret : 500 518 543 00029 - 3 Avenue Ren\u00e9 La\u00ebnnec 72000 Le Mans - T\u00e9l. : 0033 (0)9 72 21 22 90<\/p>\n<!-- \/wp:paragraph -->\n\n<!-- wp:paragraph -->\n<p><\/p>\n<!-- \/wp:paragraph -->\n\n<!-- wp:paragraph -->\n<p><\/p>\n<!-- \/wp:paragraph -->","_et_gb_content_width":"","footnotes":""},"class_list":["post-3","page","type-page","status-publish","hentry"],"_links":{"self":[{"href":"https:\/\/www.monalisacoaching.com\/index.php?rest_route=\/wp\/v2\/pages\/3","targetHints":{"allow":["GET"]}}],"collection":[{"href":"https:\/\/www.monalisacoaching.com\/index.php?rest_route=\/wp\/v2\/pages"}],"about":[{"href":"https:\/\/www.monalisacoaching.com\/index.php?rest_route=\/wp\/v2\/types\/page"}],"author":[{"embeddable":true,"href":"https:\/\/www.monalisacoaching.com\/index.php?rest_route=\/wp\/v2\/users\/1"}],"replies":[{"embeddable":true,"href":"https:\/\/www.monalisacoaching.com\/index.php?rest_route=%2Fwp%2Fv2%2Fcomments&post=3"}],"version-history":[{"count":7,"href":"https:\/\/www.monalisacoaching.com\/index.php?rest_route=\/wp\/v2\/pages\/3\/revisions"}],"predecessor-version":[{"id":233,"href":"https:\/\/www.monalisacoaching.com\/index.php?rest_route=\/wp\/v2\/pages\/3\/revisions\/233"}],"wp:attachment":[{"href":"https:\/\/www.monalisacoaching.com\/index.php?rest_route=%2Fwp%2Fv2%2Fmedia&parent=3"}],"curies":[{"name":"wp","href":"https:\/\/api.w.org\/{rel}","templated":true}]}}